{"id":516,"date":"2022-11-30T09:05:19","date_gmt":"2022-11-30T07:05:19","guid":{"rendered":"https:\/\/www.structura-center.ro\/?post_type=product&#038;p=516"},"modified":"2022-11-30T16:56:54","modified_gmt":"2022-11-30T14:56:54","slug":"proteza-scheletizata","status":"publish","type":"product","link":"https:\/\/www.structura-center.ro\/en\/product\/proteza-scheletizata\/","title":{"rendered":"Protez\u0103 Scheletizat\u0103"},"content":{"rendered":"<p>Protez\u0103 scheletat\u0103 cu attachment (Rhein \/ Bredent),<\/p>\n<p>Protez\u0103 scheletat\u0103 cu attachment + frezaje<\/p>\n<p>Protez\u0103 scheletat\u0103 cu cro\u0219ete turnate<\/p>\n<p>Protez\u0103 unilateral\u0103 cu system special<\/p>","protected":false},"excerpt":{"rendered":"<p>Protez\u0103 scheletat\u0103 cu attachment (Rhein \/ Bredent), Protez\u0103 scheletat\u0103 cu attachment + frezaje Protez\u0103 scheletat\u0103 cu cro\u0219ete turnate Protez\u0103 unilateral\u0103 cu system special<\/p>","protected":false},"featured_media":733,"comment_status":"open","ping_status":"closed","template":"","meta":[],"product_cat":[32],"product_tag":[],"class_list":["post-516","product","type-product","status-publish","has-post-thumbnail","hentry","product_cat-provizorii"],"_links":{"self":[{"href":"https:\/\/www.structura-center.ro\/en\/wp-json\/wp\/v2\/product\/516","targetHints":{"allow":["GET"]}}],"collection":[{"href":"https:\/\/www.structura-center.ro\/en\/wp-json\/wp\/v2\/product"}],"about":[{"href":"https:\/\/www.structura-center.ro\/en\/wp-json\/wp\/v2\/types\/product"}],"replies":[{"embeddable":true,"href":"https:\/\/www.structura-center.ro\/en\/wp-json\/wp\/v2\/comments?post=516"}],"wp:featuredmedia":[{"embeddable":true,"href":"https:\/\/www.structura-center.ro\/en\/wp-json\/wp\/v2\/media\/733"}],"wp:attachment":[{"href":"https:\/\/www.structura-center.ro\/en\/wp-json\/wp\/v2\/media?parent=516"}],"wp:term":[{"taxonomy":"product_cat","embeddable":true,"href":"https:\/\/www.structura-center.ro\/en\/wp-json\/wp\/v2\/product_cat?post=516"},{"taxonomy":"product_tag","embeddable":true,"href":"https:\/\/www.structura-center.ro\/en\/wp-json\/wp\/v2\/product_tag?post=516"}],"curies":[{"name":"wp","href":"https:\/\/api.w.org\/{rel}","templated":true}]}}