{"id":513,"date":"2022-11-30T09:02:23","date_gmt":"2022-11-30T07:02:23","guid":{"rendered":"https:\/\/www.structura-center.ro\/?post_type=product&#038;p=513"},"modified":"2022-11-30T16:58:34","modified_gmt":"2022-11-30T14:58:34","slug":"proteza-telescopata","status":"publish","type":"product","link":"https:\/\/www.structura-center.ro\/en\/product\/proteza-telescopata\/","title":{"rendered":"Protez\u0103 Telescopat\u0103"},"content":{"rendered":"<p>Protez\u0103 Telescopat\u0103<\/p>","protected":false},"excerpt":{"rendered":"<p>Protez\u0103 Telescopat\u0103<\/p>","protected":false},"featured_media":733,"comment_status":"open","ping_status":"closed","template":"","meta":[],"product_cat":[32],"product_tag":[],"class_list":["post-513","product","type-product","status-publish","has-post-thumbnail","hentry","product_cat-provizorii"],"_links":{"self":[{"href":"https:\/\/www.structura-center.ro\/en\/wp-json\/wp\/v2\/product\/513","targetHints":{"allow":["GET"]}}],"collection":[{"href":"https:\/\/www.structura-center.ro\/en\/wp-json\/wp\/v2\/product"}],"about":[{"href":"https:\/\/www.structura-center.ro\/en\/wp-json\/wp\/v2\/types\/product"}],"replies":[{"embeddable":true,"href":"https:\/\/www.structura-center.ro\/en\/wp-json\/wp\/v2\/comments?post=513"}],"wp:featuredmedia":[{"embeddable":true,"href":"https:\/\/www.structura-center.ro\/en\/wp-json\/wp\/v2\/media\/733"}],"wp:attachment":[{"href":"https:\/\/www.structura-center.ro\/en\/wp-json\/wp\/v2\/media?parent=513"}],"wp:term":[{"taxonomy":"product_cat","embeddable":true,"href":"https:\/\/www.structura-center.ro\/en\/wp-json\/wp\/v2\/product_cat?post=513"},{"taxonomy":"product_tag","embeddable":true,"href":"https:\/\/www.structura-center.ro\/en\/wp-json\/wp\/v2\/product_tag?post=513"}],"curies":[{"name":"wp","href":"https:\/\/api.w.org\/{rel}","templated":true}]}}