{"id":449,"date":"2022-11-30T08:14:32","date_gmt":"2022-11-30T06:14:32","guid":{"rendered":"https:\/\/www.structura-center.ro\/?post_type=product&#038;p=449"},"modified":"2022-11-30T17:19:31","modified_gmt":"2022-11-30T15:19:31","slug":"ceramica-pe-suport-de-ceramica-presata","status":"publish","type":"product","link":"https:\/\/www.structura-center.ro\/en\/product\/ceramica-pe-suport-de-ceramica-presata\/","title":{"rendered":"Ceramic\u0103 pe suport de ceramic\u0103 presat\u0103"},"content":{"rendered":"<p>Ceramic\u0103 pe suport de ceramic\u0103 presat\u0103<\/p>","protected":false},"excerpt":{"rendered":"<p>Ceramic\u0103 pe suport de ceramic\u0103 presat\u0103<\/p>","protected":false},"featured_media":714,"comment_status":"open","ping_status":"closed","template":"","meta":[],"product_cat":[25],"product_tag":[],"class_list":["post-449","product","type-product","status-publish","has-post-thumbnail","hentry","product_cat-ceramica-presata-frezata"],"_links":{"self":[{"href":"https:\/\/www.structura-center.ro\/en\/wp-json\/wp\/v2\/product\/449","targetHints":{"allow":["GET"]}}],"collection":[{"href":"https:\/\/www.structura-center.ro\/en\/wp-json\/wp\/v2\/product"}],"about":[{"href":"https:\/\/www.structura-center.ro\/en\/wp-json\/wp\/v2\/types\/product"}],"replies":[{"embeddable":true,"href":"https:\/\/www.structura-center.ro\/en\/wp-json\/wp\/v2\/comments?post=449"}],"wp:featuredmedia":[{"embeddable":true,"href":"https:\/\/www.structura-center.ro\/en\/wp-json\/wp\/v2\/media\/714"}],"wp:attachment":[{"href":"https:\/\/www.structura-center.ro\/en\/wp-json\/wp\/v2\/media?parent=449"}],"wp:term":[{"taxonomy":"product_cat","embeddable":true,"href":"https:\/\/www.structura-center.ro\/en\/wp-json\/wp\/v2\/product_cat?post=449"},{"taxonomy":"product_tag","embeddable":true,"href":"https:\/\/www.structura-center.ro\/en\/wp-json\/wp\/v2\/product_tag?post=449"}],"curies":[{"name":"wp","href":"https:\/\/api.w.org\/{rel}","templated":true}]}}