{"id":440,"date":"2022-11-30T08:10:53","date_gmt":"2022-11-30T06:10:53","guid":{"rendered":"https:\/\/www.structura-center.ro\/?post_type=product&#038;p=440"},"modified":"2022-11-30T17:05:14","modified_gmt":"2022-11-30T15:05:14","slug":"ceramica-stratificata-pe-suport-de-zirconiu","status":"publish","type":"product","link":"https:\/\/www.structura-center.ro\/en\/product\/ceramica-stratificata-pe-suport-de-zirconiu\/","title":{"rendered":"Ceramic\u0103 stratificat\u0103 pe suport de zirconiu"},"content":{"rendered":"<p>Ceramic\u0103 stratificat\u0103 pe suport de zirconiu<\/p>","protected":false},"excerpt":{"rendered":"<p>Ceramic\u0103 stratificat\u0103 pe suport de zirconiu<\/p>","protected":false},"featured_media":712,"comment_status":"open","ping_status":"closed","template":"","meta":[],"product_cat":[24],"product_tag":[],"class_list":["post-440","product","type-product","status-publish","has-post-thumbnail","hentry","product_cat-zirconiu"],"_links":{"self":[{"href":"https:\/\/www.structura-center.ro\/en\/wp-json\/wp\/v2\/product\/440","targetHints":{"allow":["GET"]}}],"collection":[{"href":"https:\/\/www.structura-center.ro\/en\/wp-json\/wp\/v2\/product"}],"about":[{"href":"https:\/\/www.structura-center.ro\/en\/wp-json\/wp\/v2\/types\/product"}],"replies":[{"embeddable":true,"href":"https:\/\/www.structura-center.ro\/en\/wp-json\/wp\/v2\/comments?post=440"}],"wp:featuredmedia":[{"embeddable":true,"href":"https:\/\/www.structura-center.ro\/en\/wp-json\/wp\/v2\/media\/712"}],"wp:attachment":[{"href":"https:\/\/www.structura-center.ro\/en\/wp-json\/wp\/v2\/media?parent=440"}],"wp:term":[{"taxonomy":"product_cat","embeddable":true,"href":"https:\/\/www.structura-center.ro\/en\/wp-json\/wp\/v2\/product_cat?post=440"},{"taxonomy":"product_tag","embeddable":true,"href":"https:\/\/www.structura-center.ro\/en\/wp-json\/wp\/v2\/product_tag?post=440"}],"curies":[{"name":"wp","href":"https:\/\/api.w.org\/{rel}","templated":true}]}}