{"id":439,"date":"2022-11-30T08:07:40","date_gmt":"2022-11-30T06:07:40","guid":{"rendered":"https:\/\/www.structura-center.ro\/?post_type=product&#038;p=439"},"modified":"2022-11-30T17:02:00","modified_gmt":"2022-11-30T15:02:00","slug":"gingie-falsa","status":"publish","type":"product","link":"https:\/\/www.structura-center.ro\/en\/product\/gingie-falsa\/","title":{"rendered":"Gingie fals\u0103"},"content":{"rendered":"<p>Gingie fals\u0103 &#8211; Ceramic\u0103 pe suport CR-CO<\/p>","protected":false},"excerpt":{"rendered":"<p>Gingie fals\u0103 &#8211; Ceramic\u0103 pe suport CR-CO<\/p>","protected":false},"featured_media":711,"comment_status":"open","ping_status":"closed","template":"","meta":[],"product_cat":[21],"product_tag":[],"class_list":["post-439","product","type-product","status-publish","has-post-thumbnail","hentry","product_cat-ceramica-pe-suport-cr-co"],"_links":{"self":[{"href":"https:\/\/www.structura-center.ro\/en\/wp-json\/wp\/v2\/product\/439","targetHints":{"allow":["GET"]}}],"collection":[{"href":"https:\/\/www.structura-center.ro\/en\/wp-json\/wp\/v2\/product"}],"about":[{"href":"https:\/\/www.structura-center.ro\/en\/wp-json\/wp\/v2\/types\/product"}],"replies":[{"embeddable":true,"href":"https:\/\/www.structura-center.ro\/en\/wp-json\/wp\/v2\/comments?post=439"}],"wp:featuredmedia":[{"embeddable":true,"href":"https:\/\/www.structura-center.ro\/en\/wp-json\/wp\/v2\/media\/711"}],"wp:attachment":[{"href":"https:\/\/www.structura-center.ro\/en\/wp-json\/wp\/v2\/media?parent=439"}],"wp:term":[{"taxonomy":"product_cat","embeddable":true,"href":"https:\/\/www.structura-center.ro\/en\/wp-json\/wp\/v2\/product_cat?post=439"},{"taxonomy":"product_tag","embeddable":true,"href":"https:\/\/www.structura-center.ro\/en\/wp-json\/wp\/v2\/product_tag?post=439"}],"curies":[{"name":"wp","href":"https:\/\/api.w.org\/{rel}","templated":true}]}}