{"id":1824,"date":"2023-05-16T05:15:58","date_gmt":"2023-05-16T03:15:58","guid":{"rendered":"https:\/\/www.structura-center.ro\/?post_type=product&#038;p=1824"},"modified":"2023-05-16T05:16:04","modified_gmt":"2023-05-16T03:16:04","slug":"coroana-metalo-ceramica","status":"publish","type":"product","link":"https:\/\/www.structura-center.ro\/en\/product\/coroana-metalo-ceramica\/","title":{"rendered":"Coroan\u0103 metalo-ceramic\u0103"},"content":{"rendered":"<p>Coroan\u0103 metalo-ceramic\u0103<\/p>","protected":false},"excerpt":{"rendered":"<p>Coroan\u0103 metalo-ceramic\u0103<\/p>","protected":false},"featured_media":1742,"comment_status":"open","ping_status":"closed","template":"","meta":[],"product_cat":[52,42],"product_tag":[],"class_list":["post-1824","product","type-product","status-publish","has-post-thumbnail","hentry","product_cat-coroane-metalo-ceramice","product_cat-pentru-cabinete"],"_links":{"self":[{"href":"https:\/\/www.structura-center.ro\/en\/wp-json\/wp\/v2\/product\/1824","targetHints":{"allow":["GET"]}}],"collection":[{"href":"https:\/\/www.structura-center.ro\/en\/wp-json\/wp\/v2\/product"}],"about":[{"href":"https:\/\/www.structura-center.ro\/en\/wp-json\/wp\/v2\/types\/product"}],"replies":[{"embeddable":true,"href":"https:\/\/www.structura-center.ro\/en\/wp-json\/wp\/v2\/comments?post=1824"}],"wp:featuredmedia":[{"embeddable":true,"href":"https:\/\/www.structura-center.ro\/en\/wp-json\/wp\/v2\/media\/1742"}],"wp:attachment":[{"href":"https:\/\/www.structura-center.ro\/en\/wp-json\/wp\/v2\/media?parent=1824"}],"wp:term":[{"taxonomy":"product_cat","embeddable":true,"href":"https:\/\/www.structura-center.ro\/en\/wp-json\/wp\/v2\/product_cat?post=1824"},{"taxonomy":"product_tag","embeddable":true,"href":"https:\/\/www.structura-center.ro\/en\/wp-json\/wp\/v2\/product_tag?post=1824"}],"curies":[{"name":"wp","href":"https:\/\/api.w.org\/{rel}","templated":true}]}}