{"id":1784,"date":"2023-05-15T12:45:18","date_gmt":"2023-05-15T10:45:18","guid":{"rendered":"https:\/\/www.structura-center.ro\/?post_type=product&#038;p=1784"},"modified":"2023-05-15T12:45:27","modified_gmt":"2023-05-15T10:45:27","slug":"proteze-mobile","status":"publish","type":"product","link":"https:\/\/www.structura-center.ro\/en\/product\/proteze-mobile\/","title":{"rendered":"Proteze mobile"},"content":{"rendered":"<p>Protez\u0103 Acrilic\u0103 total\u0103 \/ par\u021bial\u0103<br \/>\nProtez\u0103 Elastic\u0103<br \/>\nProtez\u0103 Biodentaplast \/ DuraFlex \/ VisiClear <\/p>","protected":false},"excerpt":{"rendered":"<p>Protez\u0103 Acrilic\u0103 total\u0103 \/ par\u021bial\u0103 Protez\u0103 Elastic\u0103 Protez\u0103 Biodentaplast \/ DuraFlex \/ VisiClear<\/p>","protected":false},"featured_media":1788,"comment_status":"open","ping_status":"closed","template":"","meta":[],"product_cat":[42,56],"product_tag":[],"class_list":["post-1784","product","type-product","status-publish","has-post-thumbnail","hentry","product_cat-pentru-cabinete","product_cat-proteze-mobile"],"_links":{"self":[{"href":"https:\/\/www.structura-center.ro\/en\/wp-json\/wp\/v2\/product\/1784","targetHints":{"allow":["GET"]}}],"collection":[{"href":"https:\/\/www.structura-center.ro\/en\/wp-json\/wp\/v2\/product"}],"about":[{"href":"https:\/\/www.structura-center.ro\/en\/wp-json\/wp\/v2\/types\/product"}],"replies":[{"embeddable":true,"href":"https:\/\/www.structura-center.ro\/en\/wp-json\/wp\/v2\/comments?post=1784"}],"wp:featuredmedia":[{"embeddable":true,"href":"https:\/\/www.structura-center.ro\/en\/wp-json\/wp\/v2\/media\/1788"}],"wp:attachment":[{"href":"https:\/\/www.structura-center.ro\/en\/wp-json\/wp\/v2\/media?parent=1784"}],"wp:term":[{"taxonomy":"product_cat","embeddable":true,"href":"https:\/\/www.structura-center.ro\/en\/wp-json\/wp\/v2\/product_cat?post=1784"},{"taxonomy":"product_tag","embeddable":true,"href":"https:\/\/www.structura-center.ro\/en\/wp-json\/wp\/v2\/product_tag?post=1784"}],"curies":[{"name":"wp","href":"https:\/\/api.w.org\/{rel}","templated":true}]}}