{"id":1747,"date":"2023-05-15T12:23:42","date_gmt":"2023-05-15T10:23:42","guid":{"rendered":"https:\/\/www.structura-center.ro\/?post_type=product&#038;p=1747"},"modified":"2023-05-15T12:23:42","modified_gmt":"2023-05-15T10:23:42","slug":"ceramica-stratificata-pe-schelet-de-zirconiu","status":"publish","type":"product","link":"https:\/\/www.structura-center.ro\/en\/product\/ceramica-stratificata-pe-schelet-de-zirconiu\/","title":{"rendered":"Ceramic\u0103 stratificat\u0103 pe schelet de zirconiu"},"content":{"rendered":"<p>Ceramic\u0103 stratificat\u0103 pe schelet de zirconiu<\/p>","protected":false},"excerpt":{"rendered":"<p>Ceramic\u0103 stratificat\u0103 pe schelet de zirconiu<\/p>","protected":false},"featured_media":1750,"comment_status":"open","ping_status":"closed","template":"","meta":[],"product_cat":[53,42],"product_tag":[],"class_list":["post-1747","product","type-product","status-publish","has-post-thumbnail","hentry","product_cat-coroane-integral-ceramic","product_cat-pentru-cabinete"],"_links":{"self":[{"href":"https:\/\/www.structura-center.ro\/en\/wp-json\/wp\/v2\/product\/1747","targetHints":{"allow":["GET"]}}],"collection":[{"href":"https:\/\/www.structura-center.ro\/en\/wp-json\/wp\/v2\/product"}],"about":[{"href":"https:\/\/www.structura-center.ro\/en\/wp-json\/wp\/v2\/types\/product"}],"replies":[{"embeddable":true,"href":"https:\/\/www.structura-center.ro\/en\/wp-json\/wp\/v2\/comments?post=1747"}],"wp:featuredmedia":[{"embeddable":true,"href":"https:\/\/www.structura-center.ro\/en\/wp-json\/wp\/v2\/media\/1750"}],"wp:attachment":[{"href":"https:\/\/www.structura-center.ro\/en\/wp-json\/wp\/v2\/media?parent=1747"}],"wp:term":[{"taxonomy":"product_cat","embeddable":true,"href":"https:\/\/www.structura-center.ro\/en\/wp-json\/wp\/v2\/product_cat?post=1747"},{"taxonomy":"product_tag","embeddable":true,"href":"https:\/\/www.structura-center.ro\/en\/wp-json\/wp\/v2\/product_tag?post=1747"}],"curies":[{"name":"wp","href":"https:\/\/api.w.org\/{rel}","templated":true}]}}