{"id":179,"date":"2022-11-30T03:04:19","date_gmt":"2022-11-30T01:04:19","guid":{"rendered":"https:\/\/www.structura-center.ro\/?page_id=179"},"modified":"2023-05-15T13:41:19","modified_gmt":"2023-05-15T11:41:19","slug":"acasa","status":"publish","type":"page","link":"https:\/\/www.structura-center.ro\/en\/","title":{"rendered":"Home"},"content":{"rendered":"<div data-elementor-type=\"wp-page\" data-elementor-id=\"179\" class=\"elementor elementor-179\">\n\t\t\t\t<div class=\"elementor-element elementor-element-be54517 e-con-full e-flex e-con e-parent\" data-id=\"be54517\" data-element_type=\"container\" data-settings=\"{&quot;background_background&quot;:&quot;classic&quot;}\">\n\t\t<div class=\"elementor-element elementor-element-2f8bad2 e-flex e-con-boxed e-con e-child\" data-id=\"2f8bad2\" data-element_type=\"container\">\n\t\t\t\t\t<div class=\"e-con-inner\">\n\t\t\t\t<div class=\"elementor-element elementor-element-2c69ac7 elementor-widget elementor-widget-heading\" data-id=\"2c69ac7\" data-element_type=\"widget\" data-widget_type=\"heading.default\">\n\t\t\t\t<div class=\"elementor-widget-container\">\n\t\t\t\t\t<h1 class=\"elementor-heading-title elementor-size-default\">Your reliable partner for dental technical services<\/h1>\t\t\t\t<\/div>\n\t\t\t\t<\/div>\n\t\t\t\t\t<\/div>\n\t\t\t\t<\/div>\n\t\t<div class=\"elementor-element elementor-element-58e0245 e-flex e-con-boxed e-con e-child\" data-id=\"58e0245\" data-element_type=\"container\">\n\t\t\t\t\t<div class=\"e-con-inner\">\n\t\t\t\t<div class=\"elementor-element elementor-element-d0e35a4 elementor-align-center elementor-widget elementor-widget-button\" data-id=\"d0e35a4\" data-element_type=\"widget\" data-widget_type=\"button.default\">\n\t\t\t\t<div class=\"elementor-widget-container\">\n\t\t\t\t\t\t\t\t\t<div class=\"elementor-button-wrapper\">\n\t\t\t\t\t<a class=\"elementor-button elementor-button-link elementor-size-sm\" href=\"https:\/\/www.structura-center.ro\/en\/pentru-cabinete\/\">\n\t\t\t\t\t\t<span class=\"elementor-button-content-wrapper\">\n\t\t\t\t\t\t\t\t\t<span class=\"elementor-button-text\">For Cabinets<\/span>\n\t\t\t\t\t<\/span>\n\t\t\t\t\t<\/a>\n\t\t\t\t<\/div>\n\t\t\t\t\t\t\t\t<\/div>\n\t\t\t\t<\/div>\n\t\t\t\t<div class=\"elementor-element elementor-element-fabae79 elementor-align-center elementor-widget elementor-widget-button\" data-id=\"fabae79\" data-element_type=\"widget\" data-widget_type=\"button.default\">\n\t\t\t\t<div class=\"elementor-widget-container\">\n\t\t\t\t\t\t\t\t\t<div class=\"elementor-button-wrapper\">\n\t\t\t\t\t<a class=\"elementor-button elementor-button-link elementor-size-sm\" href=\"https:\/\/www.structura-center.ro\/en\/pentru-laboratoare\/\">\n\t\t\t\t\t\t<span class=\"elementor-button-content-wrapper\">\n\t\t\t\t\t\t\t\t\t<span class=\"elementor-button-text\">For Laboratories<\/span>\n\t\t\t\t\t<\/span>\n\t\t\t\t\t<\/a>\n\t\t\t\t<\/div>\n\t\t\t\t\t\t\t\t<\/div>\n\t\t\t\t<\/div>\n\t\t\t\t\t<\/div>\n\t\t\t\t<\/div>\n\t\t\t\t<\/div>\n\t\t<div class=\"elementor-element elementor-element-101484a e-flex e-con-boxed e-con e-parent\" data-id=\"101484a\" data-element_type=\"container\" data-settings=\"{&quot;background_background&quot;:&quot;classic&quot;}\">\n\t\t\t\t\t<div class=\"e-con-inner\">\n\t\t<div class=\"elementor-element elementor-element-c136957 e-flex e-con-boxed e-con e-child\" data-id=\"c136957\" data-element_type=\"container\">\n\t\t\t\t\t<div class=\"e-con-inner\">\n\t\t\t\t<div class=\"elementor-element elementor-element-ede25e1 elementor-widget elementor-widget-image\" data-id=\"ede25e1\" data-element_type=\"widget\" data-widget_type=\"image.default\">\n\t\t\t\t<div class=\"elementor-widget-container\">\n\t\t\t\t\t\t\t\t\t\t\t\t\t\t\t<img fetchpriority=\"high\" decoding=\"async\" width=\"490\" height=\"490\" src=\"https:\/\/www.structura-center.ro\/wp-content\/uploads\/2023\/02\/Icon_Structura.png\" class=\"attachment-large size-large wp-image-1154\" alt=\"\" srcset=\"https:\/\/www.structura-center.ro\/wp-content\/uploads\/2023\/02\/Icon_Structura.png 490w, https:\/\/www.structura-center.ro\/wp-content\/uploads\/2023\/02\/Icon_Structura-300x300.png 300w, https:\/\/www.structura-center.ro\/wp-content\/uploads\/2023\/02\/Icon_Structura-100x100.png 100w, https:\/\/www.structura-center.ro\/wp-content\/uploads\/2023\/02\/Icon_Structura-150x150.png 150w, https:\/\/www.structura-center.ro\/wp-content\/uploads\/2023\/02\/Icon_Structura-12x12.png 12w\" sizes=\"(max-width: 490px) 100vw, 490px\" \/>\t\t\t\t\t\t\t\t\t\t\t\t\t\t\t<\/div>\n\t\t\t\t<\/div>\n\t\t\t\t<div class=\"elementor-element elementor-element-e876ea5 elementor-widget elementor-widget-heading\" data-id=\"e876ea5\" data-element_type=\"widget\" data-widget_type=\"heading.default\">\n\t\t\t\t<div class=\"elementor-widget-container\">\n\t\t\t\t\t<h2 class=\"elementor-heading-title elementor-size-default translation-block\">Dental technology laboratory with cutting edge equipment and passionate people<\/h2>\t\t\t\t<\/div>\n\t\t\t\t<\/div>\n\t\t\t\t<div class=\"elementor-element elementor-element-2886ed0 elementor-widget elementor-widget-text-editor\" data-id=\"2886ed0\" data-element_type=\"widget\" data-widget_type=\"text-editor.default\">\n\t\t\t\t<div class=\"elementor-widget-container\">\n\t\t\t\t\t\t\t\t\t<p>Our laboratory is dedicated to providing high quality products and superior professional service. We work with the best quality products on the market and this, combined with a highly experienced staff, gives us the best opportunity to meet the needs of all our customers.<\/p>\t\t\t\t\t\t\t\t<\/div>\n\t\t\t\t<\/div>\n\t\t\t\t\t<\/div>\n\t\t\t\t<\/div>\n\t\t<div class=\"elementor-element elementor-element-22a4b03 e-flex e-con-boxed e-con e-child\" data-id=\"22a4b03\" data-element_type=\"container\">\n\t\t\t\t\t<div class=\"e-con-inner\">\n\t\t\t\t<div class=\"elementor-element elementor-element-86f9130 elementor-widget elementor-widget-image\" data-id=\"86f9130\" data-element_type=\"widget\" data-widget_type=\"image.default\">\n\t\t\t\t<div class=\"elementor-widget-container\">\n\t\t\t\t\t\t\t\t\t\t\t\t\t\t\t<img decoding=\"async\" width=\"800\" height=\"534\" src=\"https:\/\/www.structura-center.ro\/wp-content\/uploads\/2023\/04\/landing-tehnica-dentara-1024x683.webp\" class=\"attachment-large size-large wp-image-1657\" alt=\"\" srcset=\"https:\/\/www.structura-center.ro\/wp-content\/uploads\/2023\/04\/landing-tehnica-dentara-1024x683.webp 1024w, https:\/\/www.structura-center.ro\/wp-content\/uploads\/2023\/04\/landing-tehnica-dentara-300x200.webp 300w, https:\/\/www.structura-center.ro\/wp-content\/uploads\/2023\/04\/landing-tehnica-dentara-768x512.webp 768w, https:\/\/www.structura-center.ro\/wp-content\/uploads\/2023\/04\/landing-tehnica-dentara-1536x1024.webp 1536w, https:\/\/www.structura-center.ro\/wp-content\/uploads\/2023\/04\/landing-tehnica-dentara-2048x1365.webp 2048w, https:\/\/www.structura-center.ro\/wp-content\/uploads\/2023\/04\/landing-tehnica-dentara-18x12.webp 18w, https:\/\/www.structura-center.ro\/wp-content\/uploads\/2023\/04\/landing-tehnica-dentara-600x400.webp 600w\" sizes=\"(max-width: 800px) 100vw, 800px\" \/>\t\t\t\t\t\t\t\t\t\t\t\t\t\t\t<\/div>\n\t\t\t\t<\/div>\n\t\t\t\t\t<\/div>\n\t\t\t\t<\/div>\n\t\t\t\t\t<\/div>\n\t\t\t\t<\/div>\n\t\t<div class=\"elementor-element elementor-element-7566259 e-flex e-con-boxed e-con e-parent\" data-id=\"7566259\" data-element_type=\"container\" data-settings=\"{&quot;background_background&quot;:&quot;classic&quot;}\">\n\t\t\t\t\t<div class=\"e-con-inner\">\n\t\t<a class=\"elementor-element elementor-element-fc9ded9 e-con-full e-flex e-con e-child\" data-id=\"fc9ded9\" data-element_type=\"container\" data-settings=\"{&quot;background_background&quot;:&quot;classic&quot;}\" href=\"https:\/\/www.structura-center.ro\/en\/product-category\/pentru-cabinete\/coroane-integral-ceramic\/\">\n\t\t<div class=\"elementor-element elementor-element-3fc8724 e-flex e-con-boxed e-con e-child\" data-id=\"3fc8724\" data-element_type=\"container\" data-settings=\"{&quot;background_background&quot;:&quot;classic&quot;}\">\n\t\t\t\t\t<div class=\"e-con-inner\">\n\t\t\t\t\t<\/div>\n\t\t\t\t<\/div>\n\t\t<div class=\"elementor-element elementor-element-180b83b e-flex e-con-boxed e-con e-child\" data-id=\"180b83b\" data-element_type=\"container\">\n\t\t\t\t\t<div class=\"e-con-inner\">\n\t\t\t\t<div class=\"elementor-element elementor-element-1e4f107 elementor-widget elementor-widget-heading\" data-id=\"1e4f107\" data-element_type=\"widget\" data-widget_type=\"heading.default\">\n\t\t\t\t<div class=\"elementor-widget-container\">\n\t\t\t\t\t<h2 class=\"elementor-heading-title elementor-size-default\">Coroane integral ceramic<\/h2>\t\t\t\t<\/div>\n\t\t\t\t<\/div>\n\t\t\t\t\t<\/div>\n\t\t\t\t<\/div>\n\t\t\t\t<\/a>\n\t\t<a class=\"elementor-element elementor-element-6d9993b e-con-full e-flex e-con e-child\" data-id=\"6d9993b\" data-element_type=\"container\" data-settings=\"{&quot;background_background&quot;:&quot;classic&quot;}\" href=\"https:\/\/www.structura-center.ro\/en\/product-category\/pentru-cabinete\/coroane-provizorii\/\">\n\t\t<div class=\"elementor-element elementor-element-0d58d90 e-flex e-con-boxed e-con e-child\" data-id=\"0d58d90\" data-element_type=\"container\" data-settings=\"{&quot;background_background&quot;:&quot;classic&quot;}\">\n\t\t\t\t\t<div class=\"e-con-inner\">\n\t\t\t\t\t<\/div>\n\t\t\t\t<\/div>\n\t\t<div class=\"elementor-element elementor-element-8d9056f e-flex e-con-boxed e-con e-child\" data-id=\"8d9056f\" data-element_type=\"container\">\n\t\t\t\t\t<div class=\"e-con-inner\">\n\t\t\t\t<div class=\"elementor-element elementor-element-49ab419 elementor-widget elementor-widget-heading\" data-id=\"49ab419\" data-element_type=\"widget\" data-widget_type=\"heading.default\">\n\t\t\t\t<div class=\"elementor-widget-container\">\n\t\t\t\t\t<h2 class=\"elementor-heading-title elementor-size-default\">Coroane provizorii<\/h2>\t\t\t\t<\/div>\n\t\t\t\t<\/div>\n\t\t\t\t\t<\/div>\n\t\t\t\t<\/div>\n\t\t\t\t<\/a>\n\t\t<a class=\"elementor-element elementor-element-c7fb942 e-con-full e-flex e-con e-child\" data-id=\"c7fb942\" data-element_type=\"container\" data-settings=\"{&quot;background_background&quot;:&quot;classic&quot;}\" href=\"https:\/\/www.structura-center.ro\/en\/product-category\/pentru-cabinete\/coroane-metalo-ceramice\/\">\n\t\t<div class=\"elementor-element elementor-element-89f8227 e-flex e-con-boxed e-con e-child\" data-id=\"89f8227\" data-element_type=\"container\" data-settings=\"{&quot;background_background&quot;:&quot;classic&quot;}\">\n\t\t\t\t\t<div class=\"e-con-inner\">\n\t\t\t\t\t<\/div>\n\t\t\t\t<\/div>\n\t\t<div class=\"elementor-element elementor-element-ff578d6 e-flex e-con-boxed e-con e-child\" data-id=\"ff578d6\" data-element_type=\"container\">\n\t\t\t\t\t<div class=\"e-con-inner\">\n\t\t\t\t<div class=\"elementor-element elementor-element-0303b4e elementor-widget elementor-widget-heading\" data-id=\"0303b4e\" data-element_type=\"widget\" data-widget_type=\"heading.default\">\n\t\t\t\t<div class=\"elementor-widget-container\">\n\t\t\t\t\t<h2 class=\"elementor-heading-title elementor-size-default\">Coroane metalo-ceramice<\/h2>\t\t\t\t<\/div>\n\t\t\t\t<\/div>\n\t\t\t\t\t<\/div>\n\t\t\t\t<\/div>\n\t\t\t\t<\/a>\n\t\t<a class=\"elementor-element elementor-element-eec2182 e-con-full e-flex e-con e-child\" data-id=\"eec2182\" data-element_type=\"container\" data-settings=\"{&quot;background_background&quot;:&quot;classic&quot;}\" href=\"https:\/\/www.structura-center.ro\/en\/pentru-cabinete\/\">\n\t\t<div class=\"elementor-element elementor-element-12ebff9 e-flex e-con-boxed e-con e-child\" data-id=\"12ebff9\" data-element_type=\"container\">\n\t\t\t\t\t<div class=\"e-con-inner\">\n\t\t\t\t<div class=\"elementor-element elementor-element-acfa811 elementor-widget elementor-widget-heading\" data-id=\"acfa811\" data-element_type=\"widget\" data-widget_type=\"heading.default\">\n\t\t\t\t<div class=\"elementor-widget-container\">\n\t\t\t\t\t<h2 class=\"elementor-heading-title elementor-size-default\">See all services<\/h2>\t\t\t\t<\/div>\n\t\t\t\t<\/div>\n\t\t\t\t\t<\/div>\n\t\t\t\t<\/div>\n\t\t\t\t<\/a>\n\t\t\t\t\t<\/div>\n\t\t\t\t<\/div>\n\t\t<div class=\"elementor-element elementor-element-84bee81 e-flex e-con-boxed e-con e-parent\" data-id=\"84bee81\" data-element_type=\"container\" data-settings=\"{&quot;background_background&quot;:&quot;classic&quot;}\">\n\t\t\t\t\t<div class=\"e-con-inner\">\n\t\t<div class=\"elementor-element elementor-element-91f8fbd e-flex e-con-boxed e-con e-child\" data-id=\"91f8fbd\" data-element_type=\"container\">\n\t\t\t\t\t<div class=\"e-con-inner\">\n\t\t\t\t<div class=\"elementor-element elementor-element-3a07e97 elementor-widget elementor-widget-image\" data-id=\"3a07e97\" data-element_type=\"widget\" data-widget_type=\"image.default\">\n\t\t\t\t<div class=\"elementor-widget-container\">\n\t\t\t\t\t\t\t\t\t\t\t\t\t\t\t<img decoding=\"async\" width=\"800\" height=\"534\" src=\"https:\/\/www.structura-center.ro\/wp-content\/uploads\/2023\/02\/denture-work2-1024x683.webp\" class=\"attachment-large size-large wp-image-1256\" alt=\"\" srcset=\"https:\/\/www.structura-center.ro\/wp-content\/uploads\/2023\/02\/denture-work2-1024x683.webp 1024w, https:\/\/www.structura-center.ro\/wp-content\/uploads\/2023\/02\/denture-work2-300x200.webp 300w, https:\/\/www.structura-center.ro\/wp-content\/uploads\/2023\/02\/denture-work2-768x512.webp 768w, https:\/\/www.structura-center.ro\/wp-content\/uploads\/2023\/02\/denture-work2-1536x1024.webp 1536w, https:\/\/www.structura-center.ro\/wp-content\/uploads\/2023\/02\/denture-work2-2048x1365.webp 2048w, https:\/\/www.structura-center.ro\/wp-content\/uploads\/2023\/02\/denture-work2-18x12.webp 18w, https:\/\/www.structura-center.ro\/wp-content\/uploads\/2023\/02\/denture-work2-600x400.webp 600w\" sizes=\"(max-width: 800px) 100vw, 800px\" \/>\t\t\t\t\t\t\t\t\t\t\t\t\t\t\t<\/div>\n\t\t\t\t<\/div>\n\t\t\t\t\t<\/div>\n\t\t\t\t<\/div>\n\t\t<div class=\"elementor-element elementor-element-9fa06da e-flex e-con-boxed e-con e-child\" data-id=\"9fa06da\" data-element_type=\"container\">\n\t\t\t\t\t<div class=\"e-con-inner\">\n\t\t\t\t<div class=\"elementor-element elementor-element-d4f086c elementor-widget elementor-widget-heading\" data-id=\"d4f086c\" data-element_type=\"widget\" data-widget_type=\"heading.default\">\n\t\t\t\t<div class=\"elementor-widget-container\">\n\t\t\t\t\t<h2 class=\"elementor-heading-title elementor-size-default\">Dedication and attention to detail to create perfect and natural smiles<\/h2>\t\t\t\t<\/div>\n\t\t\t\t<\/div>\n\t\t\t\t<div class=\"elementor-element elementor-element-9fabf6b elementor-widget elementor-widget-text-editor\" data-id=\"9fabf6b\" data-element_type=\"widget\" data-widget_type=\"text-editor.default\">\n\t\t\t\t<div class=\"elementor-widget-container\">\n\t\t\t\t\t\t\t\t\t<p>We always strive to provide the best possible service, from reception to ensuring delivery.<\/p>\t\t\t\t\t\t\t\t<\/div>\n\t\t\t\t<\/div>\n\t\t\t\t\t<\/div>\n\t\t\t\t<\/div>\n\t\t\t\t\t<\/div>\n\t\t\t\t<\/div>\n\t\t<div class=\"elementor-element elementor-element-c8be4a4 e-flex e-con-boxed e-con e-parent\" data-id=\"c8be4a4\" data-element_type=\"container\" data-settings=\"{&quot;background_background&quot;:&quot;classic&quot;}\">\n\t\t\t\t\t<div class=\"e-con-inner\">\n\t\t\t\t<div class=\"elementor-element elementor-element-e397db8 elementor-widget elementor-widget-text-editor\" data-id=\"e397db8\" data-element_type=\"widget\" data-widget_type=\"text-editor.default\">\n\t\t\t\t<div class=\"elementor-widget-container\">\n\t\t\t\t\t\t\t\t\t<p class=\"p1\">Investim \u00een viitorul t\u0103u! Proiect cofinan\u021bat din Fondul European de Dezvoltare Regional\u0103 prin Programul Opera\u021bional Regional 2014-2020<\/p>\t\t\t\t\t\t\t\t<\/div>\n\t\t\t\t<\/div>\n\t\t\t\t<div class=\"elementor-element elementor-element-5f92ebf elementor-widget elementor-widget-text-editor\" data-id=\"5f92ebf\" data-element_type=\"widget\" data-widget_type=\"text-editor.default\">\n\t\t\t\t<div class=\"elementor-widget-container\">\n\t\t\t\t\t\t\t\t\t<p class=\"p1\">Con\u021binutul acestui material nu reprezint\u0103 \u00een mod obligatoriu pozi\u021bia oficial\u0103 a Uniunii Europene sau a Guvernului Rom\u00e2niei.<\/p>\t\t\t\t\t\t\t\t<\/div>\n\t\t\t\t<\/div>\n\t\t\t\t<div class=\"elementor-element elementor-element-a0d4222 elementor-widget elementor-widget-text-editor\" data-id=\"a0d4222\" data-element_type=\"widget\" data-widget_type=\"text-editor.default\">\n\t\t\t\t<div class=\"elementor-widget-container\">\n\t\t\t\t\t\t\t\t\t<p class=\"p1\">Pentru informa\u021bii detaliate despre celelalte programe cofinan\u021bate de Uniunea European\u0103, v\u0103 invit\u0103m s\u0103 vizita\u021bi <strong><a href=\"https:\/\/www.fonduri-ue.ro\/\">www.fonduri-ue.ro<\/a><\/strong><\/p>\t\t\t\t\t\t\t\t<\/div>\n\t\t\t\t<\/div>\n\t\t\t\t<div class=\"elementor-element elementor-element-ab3dbd8 elementor-widget elementor-widget-text-editor\" data-id=\"ab3dbd8\" data-element_type=\"widget\" data-widget_type=\"text-editor.default\">\n\t\t\t\t<div class=\"elementor-widget-container\">\n\t\t\t\t\t\t\t\t\t<p class=\"p1\"><strong><a href=\"https:\/\/www.inforegio.ro\/\">www.inforegio.ro\u00a0 \u00a0 \u00a0 <\/a><a href=\"https:\/\/facebook.com\/inforegio.ro\">facebook.com\/inforegio.ro<\/a><\/strong><\/p>\t\t\t\t\t\t\t\t<\/div>\n\t\t\t\t<\/div>\n\t\t\t\t\t<\/div>\n\t\t\t\t<\/div>\n\t\t\t\t<\/div>","protected":false},"excerpt":{"rendered":"<p>Partenerul t\u0103u de \u00eencredere pentru servicii de tehnic\u0103 dentar\u0103 Pentru cabinete Pentru Laboratoare Laborator tehnic\u0103 dentar\u0103 dotat cu echipamente moderne \u0219i oameni pasiona\u021bi. Laboratorul nostru este dedicat furniz\u0103rii de produse de \u00eenalt\u0103 calitate \u0219i de servicii superioare profesionale. Lucr\u0103m cu produse de cea mai bun\u0103 calitate de pe pia\u021b\u0103 \u0219i acest lucru, combinat cu un [&hellip;]<\/p>","protected":false},"author":1,"featured_media":0,"parent":0,"menu_order":0,"comment_status":"closed","ping_status":"closed","template":"elementor_header_footer","meta":{"footnotes":""},"class_list":["post-179","page","type-page","status-publish","hentry"],"_links":{"self":[{"href":"https:\/\/www.structura-center.ro\/en\/wp-json\/wp\/v2\/pages\/179","targetHints":{"allow":["GET"]}}],"collection":[{"href":"https:\/\/www.structura-center.ro\/en\/wp-json\/wp\/v2\/pages"}],"about":[{"href":"https:\/\/www.structura-center.ro\/en\/wp-json\/wp\/v2\/types\/page"}],"author":[{"embeddable":true,"href":"https:\/\/www.structura-center.ro\/en\/wp-json\/wp\/v2\/users\/1"}],"replies":[{"embeddable":true,"href":"https:\/\/www.structura-center.ro\/en\/wp-json\/wp\/v2\/comments?post=179"}],"version-history":[{"count":205,"href":"https:\/\/www.structura-center.ro\/en\/wp-json\/wp\/v2\/pages\/179\/revisions"}],"predecessor-version":[{"id":1820,"href":"https:\/\/www.structura-center.ro\/en\/wp-json\/wp\/v2\/pages\/179\/revisions\/1820"}],"wp:attachment":[{"href":"https:\/\/www.structura-center.ro\/en\/wp-json\/wp\/v2\/media?parent=179"}],"curies":[{"name":"wp","href":"https:\/\/api.w.org\/{rel}","templated":true}]}}