{"id":160,"date":"2022-11-30T03:02:02","date_gmt":"2022-11-30T01:02:02","guid":{"rendered":"https:\/\/www.structura-center.ro\/?page_id=160"},"modified":"2023-05-16T05:17:41","modified_gmt":"2023-05-16T03:17:41","slug":"despre-noi","status":"publish","type":"page","link":"https:\/\/www.structura-center.ro\/en\/despre-noi\/","title":{"rendered":"About us"},"content":{"rendered":"<div data-elementor-type=\"wp-page\" data-elementor-id=\"160\" class=\"elementor elementor-160\">\n\t\t\t\t<div class=\"elementor-element elementor-element-38d2fcd e-con-full e-flex e-con e-parent\" data-id=\"38d2fcd\" data-element_type=\"container\" data-settings=\"{&quot;background_background&quot;:&quot;classic&quot;}\">\n\t\t<div class=\"elementor-element elementor-element-1be9932 e-flex e-con-boxed e-con e-child\" data-id=\"1be9932\" data-element_type=\"container\">\n\t\t\t\t\t<div class=\"e-con-inner\">\n\t\t\t\t<div class=\"elementor-element elementor-element-26a8380 elementor-widget elementor-widget-heading\" data-id=\"26a8380\" data-element_type=\"widget\" data-widget_type=\"heading.default\">\n\t\t\t\t<div class=\"elementor-widget-container\">\n\t\t\t\t\t<h1 class=\"elementor-heading-title elementor-size-default\">About Structura<\/h1>\t\t\t\t<\/div>\n\t\t\t\t<\/div>\n\t\t\t\t\t<\/div>\n\t\t\t\t<\/div>\n\t\t\t\t<\/div>\n\t\t<div class=\"elementor-element elementor-element-5dbb64d e-flex e-con-boxed e-con e-parent\" data-id=\"5dbb64d\" data-element_type=\"container\" data-settings=\"{&quot;background_background&quot;:&quot;classic&quot;}\">\n\t\t\t\t\t<div class=\"e-con-inner\">\n\t\t<div class=\"elementor-element elementor-element-b1b2516 e-con-full e-flex e-con e-child\" data-id=\"b1b2516\" data-element_type=\"container\">\n\t\t\t\t<div class=\"elementor-element elementor-element-01f63ae elementor-widget elementor-widget-heading\" data-id=\"01f63ae\" data-element_type=\"widget\" data-widget_type=\"heading.default\">\n\t\t\t\t<div class=\"elementor-widget-container\">\n\t\t\t\t\t<h2 class=\"elementor-heading-title elementor-size-default\">Dental technical laboratory with modern equipment<\/h2>\t\t\t\t<\/div>\n\t\t\t\t<\/div>\n\t\t\t\t<div class=\"elementor-element elementor-element-3d3c55f elementor-widget elementor-widget-text-editor\" data-id=\"3d3c55f\" data-element_type=\"widget\" data-widget_type=\"text-editor.default\">\n\t\t\t\t<div class=\"elementor-widget-container\">\n\t\t\t\t\t\t\t\t\t<p>We have equipment such as Enavision 120, Cadiax 4, Articulator Gamma, which does not allow us to offer services at the highest standards<\/p>\t\t\t\t\t\t\t\t<\/div>\n\t\t\t\t<\/div>\n\t\t\t\t<div class=\"elementor-element elementor-element-98fc039 elementor-widget elementor-widget-image\" data-id=\"98fc039\" data-element_type=\"widget\" data-widget_type=\"image.default\">\n\t\t\t\t<div class=\"elementor-widget-container\">\n\t\t\t\t\t\t\t\t\t\t\t\t\t\t\t<img fetchpriority=\"high\" decoding=\"async\" width=\"507\" height=\"338\" src=\"https:\/\/www.structura-center.ro\/wp-content\/uploads\/2022\/11\/9047876_f4afca0fd8.jpg\" class=\"attachment-large size-large wp-image-413\" alt=\"\" srcset=\"https:\/\/www.structura-center.ro\/wp-content\/uploads\/2022\/11\/9047876_f4afca0fd8.jpg 507w, https:\/\/www.structura-center.ro\/wp-content\/uploads\/2022\/11\/9047876_f4afca0fd8-300x200.jpg 300w, https:\/\/www.structura-center.ro\/wp-content\/uploads\/2022\/11\/9047876_f4afca0fd8-18x12.jpg 18w, https:\/\/www.structura-center.ro\/wp-content\/uploads\/2022\/11\/9047876_f4afca0fd8-64x43.jpg 64w\" sizes=\"(max-width: 507px) 100vw, 507px\" \/>\t\t\t\t\t\t\t\t\t\t\t\t\t\t\t<\/div>\n\t\t\t\t<\/div>\n\t\t\t\t<\/div>\n\t\t<div class=\"elementor-element elementor-element-04464bd e-con-full e-flex e-con e-child\" data-id=\"04464bd\" data-element_type=\"container\">\n\t\t<div class=\"elementor-element elementor-element-1896d75 e-flex e-con-boxed e-con e-child\" data-id=\"1896d75\" data-element_type=\"container\">\n\t\t\t\t\t<div class=\"e-con-inner\">\n\t\t\t\t<div class=\"elementor-element elementor-element-7b61a46 elementor-widget elementor-widget-image\" data-id=\"7b61a46\" data-element_type=\"widget\" data-widget_type=\"image.default\">\n\t\t\t\t<div class=\"elementor-widget-container\">\n\t\t\t\t\t\t\t\t\t\t\t\t\t\t\t<img decoding=\"async\" width=\"800\" height=\"534\" src=\"https:\/\/www.structura-center.ro\/wp-content\/uploads\/2023\/04\/AdobeStock_292679775-1024x683.webp\" class=\"attachment-large size-large wp-image-1567\" alt=\"\" srcset=\"https:\/\/www.structura-center.ro\/wp-content\/uploads\/2023\/04\/AdobeStock_292679775-1024x683.webp 1024w, https:\/\/www.structura-center.ro\/wp-content\/uploads\/2023\/04\/AdobeStock_292679775-300x200.webp 300w, https:\/\/www.structura-center.ro\/wp-content\/uploads\/2023\/04\/AdobeStock_292679775-768x512.webp 768w, https:\/\/www.structura-center.ro\/wp-content\/uploads\/2023\/04\/AdobeStock_292679775-1536x1024.webp 1536w, https:\/\/www.structura-center.ro\/wp-content\/uploads\/2023\/04\/AdobeStock_292679775-2048x1365.webp 2048w, https:\/\/www.structura-center.ro\/wp-content\/uploads\/2023\/04\/AdobeStock_292679775-18x12.webp 18w, https:\/\/www.structura-center.ro\/wp-content\/uploads\/2023\/04\/AdobeStock_292679775-600x400.webp 600w\" sizes=\"(max-width: 800px) 100vw, 800px\" \/>\t\t\t\t\t\t\t\t\t\t\t\t\t\t\t<\/div>\n\t\t\t\t<\/div>\n\t\t\t\t\t<\/div>\n\t\t\t\t<\/div>\n\t\t\t\t<\/div>\n\t\t\t\t\t<\/div>\n\t\t\t\t<\/div>\n\t\t<div class=\"elementor-element elementor-element-35d192f e-flex e-con-boxed e-con e-parent\" data-id=\"35d192f\" data-element_type=\"container\" data-settings=\"{&quot;background_background&quot;:&quot;classic&quot;}\">\n\t\t\t\t\t<div class=\"e-con-inner\">\n\t\t\t\t<div class=\"elementor-element elementor-element-c14a370 elementor-widget elementor-widget-image\" data-id=\"c14a370\" data-element_type=\"widget\" data-widget_type=\"image.default\">\n\t\t\t\t<div class=\"elementor-widget-container\">\n\t\t\t\t\t\t\t\t\t\t\t\t\t\t\t<img decoding=\"async\" width=\"512\" height=\"512\" src=\"https:\/\/www.structura-center.ro\/wp-content\/uploads\/2023\/02\/cropped-Icon_Structura.png\" class=\"attachment-large size-large wp-image-1155\" alt=\"\" srcset=\"https:\/\/www.structura-center.ro\/wp-content\/uploads\/2023\/02\/cropped-Icon_Structura.png 512w, https:\/\/www.structura-center.ro\/wp-content\/uploads\/2023\/02\/cropped-Icon_Structura-300x300.png 300w, https:\/\/www.structura-center.ro\/wp-content\/uploads\/2023\/02\/cropped-Icon_Structura-150x150.png 150w, https:\/\/www.structura-center.ro\/wp-content\/uploads\/2023\/02\/cropped-Icon_Structura-12x12.png 12w, https:\/\/www.structura-center.ro\/wp-content\/uploads\/2023\/02\/cropped-Icon_Structura-100x100.png 100w, https:\/\/www.structura-center.ro\/wp-content\/uploads\/2023\/02\/cropped-Icon_Structura-270x270.png 270w, https:\/\/www.structura-center.ro\/wp-content\/uploads\/2023\/02\/cropped-Icon_Structura-192x192.png 192w, https:\/\/www.structura-center.ro\/wp-content\/uploads\/2023\/02\/cropped-Icon_Structura-180x180.png 180w, https:\/\/www.structura-center.ro\/wp-content\/uploads\/2023\/02\/cropped-Icon_Structura-32x32.png 32w\" sizes=\"(max-width: 512px) 100vw, 512px\" \/>\t\t\t\t\t\t\t\t\t\t\t\t\t\t\t<\/div>\n\t\t\t\t<\/div>\n\t\t\t\t<div class=\"elementor-element elementor-element-aa8268b elementor-widget elementor-widget-heading\" data-id=\"aa8268b\" data-element_type=\"widget\" data-widget_type=\"heading.default\">\n\t\t\t\t<div class=\"elementor-widget-container\">\n\t\t\t\t\t<h2 class=\"elementor-heading-title elementor-size-default\">Our services<\/h2>\t\t\t\t<\/div>\n\t\t\t\t<\/div>\n\t\t\t\t\t<\/div>\n\t\t\t\t<\/div>\n\t\t<div class=\"elementor-element elementor-element-93e645e e-flex e-con-boxed e-con e-parent\" data-id=\"93e645e\" data-element_type=\"container\" data-settings=\"{&quot;background_background&quot;:&quot;classic&quot;}\">\n\t\t\t\t\t<div class=\"e-con-inner\">\n\t\t<a class=\"elementor-element elementor-element-fd56b31 e-con-full e-flex e-con e-child\" data-id=\"fd56b31\" data-element_type=\"container\" data-settings=\"{&quot;background_background&quot;:&quot;classic&quot;}\" href=\"https:\/\/www.structura-center.ro\/en\/product-category\/pentru-cabinete\/coroane-integral-ceramic\/\">\n\t\t<div class=\"elementor-element elementor-element-6796d01 e-flex e-con-boxed e-con e-child\" data-id=\"6796d01\" data-element_type=\"container\" data-settings=\"{&quot;background_background&quot;:&quot;classic&quot;}\">\n\t\t\t\t\t<div class=\"e-con-inner\">\n\t\t\t\t\t<\/div>\n\t\t\t\t<\/div>\n\t\t<div class=\"elementor-element elementor-element-57ed5f9 e-flex e-con-boxed e-con e-child\" data-id=\"57ed5f9\" data-element_type=\"container\">\n\t\t\t\t\t<div class=\"e-con-inner\">\n\t\t\t\t<div class=\"elementor-element elementor-element-2ee9743 elementor-widget elementor-widget-heading\" data-id=\"2ee9743\" data-element_type=\"widget\" data-widget_type=\"heading.default\">\n\t\t\t\t<div class=\"elementor-widget-container\">\n\t\t\t\t\t<h2 class=\"elementor-heading-title elementor-size-default\">Coroane integral ceramic<\/h2>\t\t\t\t<\/div>\n\t\t\t\t<\/div>\n\t\t\t\t\t<\/div>\n\t\t\t\t<\/div>\n\t\t\t\t<\/a>\n\t\t<a class=\"elementor-element elementor-element-48aae06 e-con-full e-flex e-con e-child\" data-id=\"48aae06\" data-element_type=\"container\" data-settings=\"{&quot;background_background&quot;:&quot;classic&quot;}\" href=\"https:\/\/www.structura-center.ro\/en\/product-category\/pentru-cabinete\/coroane-provizorii\/\">\n\t\t<div class=\"elementor-element elementor-element-0eda74d e-flex e-con-boxed e-con e-child\" data-id=\"0eda74d\" data-element_type=\"container\" data-settings=\"{&quot;background_background&quot;:&quot;classic&quot;}\">\n\t\t\t\t\t<div class=\"e-con-inner\">\n\t\t\t\t\t<\/div>\n\t\t\t\t<\/div>\n\t\t<div class=\"elementor-element elementor-element-8750ff8 e-flex e-con-boxed e-con e-child\" data-id=\"8750ff8\" data-element_type=\"container\">\n\t\t\t\t\t<div class=\"e-con-inner\">\n\t\t\t\t<div class=\"elementor-element elementor-element-89ec660 elementor-widget elementor-widget-heading\" data-id=\"89ec660\" data-element_type=\"widget\" data-widget_type=\"heading.default\">\n\t\t\t\t<div class=\"elementor-widget-container\">\n\t\t\t\t\t<h2 class=\"elementor-heading-title elementor-size-default\">Coroane provizorii<\/h2>\t\t\t\t<\/div>\n\t\t\t\t<\/div>\n\t\t\t\t\t<\/div>\n\t\t\t\t<\/div>\n\t\t\t\t<\/a>\n\t\t<a class=\"elementor-element elementor-element-18bf0c2 e-con-full e-flex e-con e-child\" data-id=\"18bf0c2\" data-element_type=\"container\" data-settings=\"{&quot;background_background&quot;:&quot;classic&quot;}\" href=\"https:\/\/www.structura-center.ro\/en\/product-category\/pentru-cabinete\/coroane-metalo-ceramice\/\">\n\t\t<div class=\"elementor-element elementor-element-ce6e18b e-flex e-con-boxed e-con e-child\" data-id=\"ce6e18b\" data-element_type=\"container\" data-settings=\"{&quot;background_background&quot;:&quot;classic&quot;}\">\n\t\t\t\t\t<div class=\"e-con-inner\">\n\t\t\t\t\t<\/div>\n\t\t\t\t<\/div>\n\t\t<div class=\"elementor-element elementor-element-e564266 e-flex e-con-boxed e-con e-child\" data-id=\"e564266\" data-element_type=\"container\">\n\t\t\t\t\t<div class=\"e-con-inner\">\n\t\t\t\t<div class=\"elementor-element elementor-element-9dc3956 elementor-widget elementor-widget-heading\" data-id=\"9dc3956\" data-element_type=\"widget\" data-widget_type=\"heading.default\">\n\t\t\t\t<div class=\"elementor-widget-container\">\n\t\t\t\t\t<h2 class=\"elementor-heading-title elementor-size-default\">Coroane metalo-ceramice<\/h2>\t\t\t\t<\/div>\n\t\t\t\t<\/div>\n\t\t\t\t\t<\/div>\n\t\t\t\t<\/div>\n\t\t\t\t<\/a>\n\t\t<a class=\"elementor-element elementor-element-8bf505e e-con-full e-flex e-con e-child\" data-id=\"8bf505e\" data-element_type=\"container\" data-settings=\"{&quot;background_background&quot;:&quot;classic&quot;}\" href=\"https:\/\/www.structura-center.ro\/en\/pentru-cabinete\/\">\n\t\t<div class=\"elementor-element elementor-element-89d3e33 e-flex e-con-boxed e-con e-child\" data-id=\"89d3e33\" data-element_type=\"container\">\n\t\t\t\t\t<div class=\"e-con-inner\">\n\t\t\t\t<div class=\"elementor-element elementor-element-c220d38 elementor-widget elementor-widget-heading\" data-id=\"c220d38\" data-element_type=\"widget\" data-widget_type=\"heading.default\">\n\t\t\t\t<div class=\"elementor-widget-container\">\n\t\t\t\t\t<h2 class=\"elementor-heading-title elementor-size-default\">See all services<\/h2>\t\t\t\t<\/div>\n\t\t\t\t<\/div>\n\t\t\t\t\t<\/div>\n\t\t\t\t<\/div>\n\t\t\t\t<\/a>\n\t\t\t\t\t<\/div>\n\t\t\t\t<\/div>\n\t\t\t\t<\/div>","protected":false},"excerpt":{"rendered":"<p>Despre Structura Laborator tehnic\u0103 dentar\u0103 cu echipamente moderne Dispunem de echipamente precum Enavision 120, Cadiax 4, Articulator Gamma, ceea ce ne permite s\u0103 oferim servicii la cele mai \u00eenalte standarde. Servicii oferite de Structura Coroane integral ceramic Coroane provizorii Coroane metalo-ceramice Vezi toate serviciile<\/p>","protected":false},"author":1,"featured_media":0,"parent":0,"menu_order":0,"comment_status":"closed","ping_status":"closed","template":"elementor_header_footer","meta":{"footnotes":""},"class_list":["post-160","page","type-page","status-publish","hentry"],"_links":{"self":[{"href":"https:\/\/www.structura-center.ro\/en\/wp-json\/wp\/v2\/pages\/160","targetHints":{"allow":["GET"]}}],"collection":[{"href":"https:\/\/www.structura-center.ro\/en\/wp-json\/wp\/v2\/pages"}],"about":[{"href":"https:\/\/www.structura-center.ro\/en\/wp-json\/wp\/v2\/types\/page"}],"author":[{"embeddable":true,"href":"https:\/\/www.structura-center.ro\/en\/wp-json\/wp\/v2\/users\/1"}],"replies":[{"embeddable":true,"href":"https:\/\/www.structura-center.ro\/en\/wp-json\/wp\/v2\/comments?post=160"}],"version-history":[{"count":58,"href":"https:\/\/www.structura-center.ro\/en\/wp-json\/wp\/v2\/pages\/160\/revisions"}],"predecessor-version":[{"id":1829,"href":"https:\/\/www.structura-center.ro\/en\/wp-json\/wp\/v2\/pages\/160\/revisions\/1829"}],"wp:attachment":[{"href":"https:\/\/www.structura-center.ro\/en\/wp-json\/wp\/v2\/media?parent=160"}],"curies":[{"name":"wp","href":"https:\/\/api.w.org\/{rel}","templated":true}]}}