{"id":144,"date":"2022-11-30T02:39:27","date_gmt":"2022-11-30T00:39:27","guid":{"rendered":"https:\/\/www.structura-center.ro\/cart\/"},"modified":"2022-11-30T12:18:25","modified_gmt":"2022-11-30T10:18:25","slug":"cart","status":"publish","type":"page","link":"https:\/\/www.structura-center.ro\/en\/cart\/","title":{"rendered":"Cart"},"content":{"rendered":"<div data-elementor-type=\"wp-page\" data-elementor-id=\"144\" class=\"elementor elementor-144\">\n\t\t\t\t<div class=\"elementor-element elementor-element-8e3d0b9 e-flex e-con-boxed e-con e-parent\" data-id=\"8e3d0b9\" data-element_type=\"container\">\n\t\t\t\t\t<div class=\"e-con-inner\">\n\t\t\t\t\t<\/div>\n\t\t\t\t<\/div>\n\t\t\t\t<\/div>","protected":false},"excerpt":{"rendered":"<p>\u00cenl\u0103tur\u0103 produsul Imagine miniatur\u0103 Produs Pre\u021b Cantitate Sub-total &times; Elemente individuale 230,00&nbsp;lei Cantitate Elemente individuale 460,00&nbsp;lei &times; Ceramic\u0103 stratificat\u0103 pe suport de zirconiu Tip: Elemente individuale 450,00&nbsp;lei Cantitate Ceramic\u0103 stratificat\u0103 pe suport de zirconiu &#8211; Elemente individuale 450,00&nbsp;lei Apply coupon Cart Totals Sub-total 910,00&nbsp;lei Total 910,00&nbsp;lei Proceed to Checkout<\/p>","protected":false},"author":1,"featured_media":0,"parent":0,"menu_order":0,"comment_status":"closed","ping_status":"closed","template":"elementor_header_footer","meta":{"footnotes":""},"class_list":["post-144","page","type-page","status-publish","hentry"],"_links":{"self":[{"href":"https:\/\/www.structura-center.ro\/en\/wp-json\/wp\/v2\/pages\/144","targetHints":{"allow":["GET"]}}],"collection":[{"href":"https:\/\/www.structura-center.ro\/en\/wp-json\/wp\/v2\/pages"}],"about":[{"href":"https:\/\/www.structura-center.ro\/en\/wp-json\/wp\/v2\/types\/page"}],"author":[{"embeddable":true,"href":"https:\/\/www.structura-center.ro\/en\/wp-json\/wp\/v2\/users\/1"}],"replies":[{"embeddable":true,"href":"https:\/\/www.structura-center.ro\/en\/wp-json\/wp\/v2\/comments?post=144"}],"version-history":[{"count":3,"href":"https:\/\/www.structura-center.ro\/en\/wp-json\/wp\/v2\/pages\/144\/revisions"}],"predecessor-version":[{"id":674,"href":"https:\/\/www.structura-center.ro\/en\/wp-json\/wp\/v2\/pages\/144\/revisions\/674"}],"wp:attachment":[{"href":"https:\/\/www.structura-center.ro\/en\/wp-json\/wp\/v2\/media?parent=144"}],"curies":[{"name":"wp","href":"https:\/\/api.w.org\/{rel}","templated":true}]}}