{"id":1105,"date":"2023-02-23T09:59:36","date_gmt":"2023-02-23T07:59:36","guid":{"rendered":"https:\/\/www.structura-center.ro\/?page_id=1105"},"modified":"2023-02-23T11:36:05","modified_gmt":"2023-02-23T09:36:05","slug":"contul-meu","status":"publish","type":"page","link":"https:\/\/www.structura-center.ro\/en\/contul-meu\/","title":{"rendered":"My account"},"content":{"rendered":"<div data-elementor-type=\"wp-page\" data-elementor-id=\"1105\" class=\"elementor elementor-1105\">\n\t\t\t\t<div class=\"elementor-element elementor-element-a19d89b e-flex e-con-boxed e-con e-parent\" data-id=\"a19d89b\" data-element_type=\"container\">\n\t\t\t\t\t<div class=\"e-con-inner\">\n\t\t\t\t<div class=\"elementor-element elementor-element-535e001 e-my-account-tabs-horizontal elementor-widget elementor-widget-woocommerce-my-account\" data-id=\"535e001\" data-element_type=\"widget\" data-settings=\"{&quot;customize_dashboard_check&quot;:&quot;yes&quot;}\" data-widget_type=\"woocommerce-my-account.default\">\n\t\t\t\t<div class=\"elementor-widget-container\">\n\t\t\t\t\t<div class=\"e-my-account-tab e-my-account-tab__\">\t\t\t<span class=\"elementor-hidden\">[woocommerce_my_account]<\/span>\n\t\t\t<div class=\"woocommerce\"><\/div>\t\t<\/div>\n\t\t\t\t\t\t<\/div>\n\t\t\t\t<\/div>\n\t\t\t\t\t<\/div>\n\t\t\t\t<\/div>\n\t\t\t\t<\/div>","protected":false},"excerpt":{"rendered":"<p>Panou de control Comenzi Descarcari Adrese Metode de plat\u0103 Detalii cont Logout Panou de control Comenzi Descarcari Adrese Metode de plat\u0103 Detalii cont Logout Bun\u0103 str-cent (nu e\u0219ti str-cent? Dezautentific\u0103-te) \u00cen panoul de control al contului t\u0103u po\u021bi s\u0103-\u021bi vezi comenzile recente, s\u0103-\u021bi administrezi adresele de livrare \u0219i de facturare \u0219i s\u0103-\u021bi editezi parola \u0219i [&hellip;]<\/p>","protected":false},"author":1,"featured_media":0,"parent":0,"menu_order":0,"comment_status":"closed","ping_status":"closed","template":"elementor_header_footer","meta":{"footnotes":""},"class_list":["post-1105","page","type-page","status-publish","hentry"],"_links":{"self":[{"href":"https:\/\/www.structura-center.ro\/en\/wp-json\/wp\/v2\/pages\/1105","targetHints":{"allow":["GET"]}}],"collection":[{"href":"https:\/\/www.structura-center.ro\/en\/wp-json\/wp\/v2\/pages"}],"about":[{"href":"https:\/\/www.structura-center.ro\/en\/wp-json\/wp\/v2\/types\/page"}],"author":[{"embeddable":true,"href":"https:\/\/www.structura-center.ro\/en\/wp-json\/wp\/v2\/users\/1"}],"replies":[{"embeddable":true,"href":"https:\/\/www.structura-center.ro\/en\/wp-json\/wp\/v2\/comments?post=1105"}],"version-history":[{"count":19,"href":"https:\/\/www.structura-center.ro\/en\/wp-json\/wp\/v2\/pages\/1105\/revisions"}],"predecessor-version":[{"id":1223,"href":"https:\/\/www.structura-center.ro\/en\/wp-json\/wp\/v2\/pages\/1105\/revisions\/1223"}],"wp:attachment":[{"href":"https:\/\/www.structura-center.ro\/en\/wp-json\/wp\/v2\/media?parent=1105"}],"curies":[{"name":"wp","href":"https:\/\/api.w.org\/{rel}","templated":true}]}}