{"id":1011,"date":"2023-01-10T04:59:45","date_gmt":"2023-01-10T02:59:45","guid":{"rendered":"https:\/\/www.structura-center.ro\/?page_id=1011"},"modified":"2023-01-10T05:08:24","modified_gmt":"2023-01-10T03:08:24","slug":"despre-proiect","status":"publish","type":"page","link":"https:\/\/www.structura-center.ro\/en\/despre-proiect\/","title":{"rendered":"Despre proiect"},"content":{"rendered":"<div data-elementor-type=\"wp-page\" data-elementor-id=\"1011\" class=\"elementor elementor-1011\">\n\t\t\t\t<div class=\"elementor-element elementor-element-dc4f9f2 e-flex e-con-boxed e-con e-parent\" data-id=\"dc4f9f2\" data-element_type=\"container\">\n\t\t\t\t\t<div class=\"e-con-inner\">\n\t\t<div class=\"elementor-element elementor-element-dbfdb0a e-con-full e-flex e-con e-parent\" data-id=\"dbfdb0a\" data-element_type=\"container\">\n\t\t\t\t<div class=\"elementor-element elementor-element-56cc153 elementor-widget elementor-widget-image\" data-id=\"56cc153\" data-element_type=\"widget\" data-widget_type=\"image.default\">\n\t\t\t\t<div class=\"elementor-widget-container\">\n\t\t\t\t\t\t\t\t\t\t\t\t\t\t\t<img fetchpriority=\"high\" decoding=\"async\" width=\"800\" height=\"804\" src=\"https:\/\/www.structura-center.ro\/wp-content\/uploads\/2022\/12\/Logo_UE_color-e1670917387953-1019x1024.png\" class=\"attachment-large size-large wp-image-830\" alt=\"\" srcset=\"https:\/\/www.structura-center.ro\/wp-content\/uploads\/2022\/12\/Logo_UE_color-e1670917387953-1019x1024.png 1019w, https:\/\/www.structura-center.ro\/wp-content\/uploads\/2022\/12\/Logo_UE_color-e1670917387953-100x100.png 100w, https:\/\/www.structura-center.ro\/wp-content\/uploads\/2022\/12\/Logo_UE_color-e1670917387953-600x603.png 600w, https:\/\/www.structura-center.ro\/wp-content\/uploads\/2022\/12\/Logo_UE_color-e1670917387953-150x150.png 150w, https:\/\/www.structura-center.ro\/wp-content\/uploads\/2022\/12\/Logo_UE_color-e1670917387953-768x772.png 768w, https:\/\/www.structura-center.ro\/wp-content\/uploads\/2022\/12\/Logo_UE_color-e1670917387953-12x12.png 12w, https:\/\/www.structura-center.ro\/wp-content\/uploads\/2022\/12\/Logo_UE_color-e1670917387953.png 1089w\" sizes=\"(max-width: 800px) 100vw, 800px\" \/>\t\t\t\t\t\t\t\t\t\t\t\t\t\t\t<\/div>\n\t\t\t\t<\/div>\n\t\t\t\t<div class=\"elementor-element elementor-element-5f2817e elementor-widget elementor-widget-image\" data-id=\"5f2817e\" data-element_type=\"widget\" data-widget_type=\"image.default\">\n\t\t\t\t<div class=\"elementor-widget-container\">\n\t\t\t\t\t\t\t\t\t\t\t\t\t\t\t<img decoding=\"async\" width=\"800\" height=\"800\" src=\"https:\/\/www.structura-center.ro\/wp-content\/uploads\/2022\/12\/sigla_guv_coroana_albastru_fundal-alb-1024x1024.png\" class=\"attachment-large size-large wp-image-831\" alt=\"\" srcset=\"https:\/\/www.structura-center.ro\/wp-content\/uploads\/2022\/12\/sigla_guv_coroana_albastru_fundal-alb-1024x1024.png 1024w, https:\/\/www.structura-center.ro\/wp-content\/uploads\/2022\/12\/sigla_guv_coroana_albastru_fundal-alb-300x300.png 300w, https:\/\/www.structura-center.ro\/wp-content\/uploads\/2022\/12\/sigla_guv_coroana_albastru_fundal-alb-100x100.png 100w, https:\/\/www.structura-center.ro\/wp-content\/uploads\/2022\/12\/sigla_guv_coroana_albastru_fundal-alb-600x600.png 600w, https:\/\/www.structura-center.ro\/wp-content\/uploads\/2022\/12\/sigla_guv_coroana_albastru_fundal-alb-150x150.png 150w, https:\/\/www.structura-center.ro\/wp-content\/uploads\/2022\/12\/sigla_guv_coroana_albastru_fundal-alb-768x768.png 768w, https:\/\/www.structura-center.ro\/wp-content\/uploads\/2022\/12\/sigla_guv_coroana_albastru_fundal-alb-12x12.png 12w, https:\/\/www.structura-center.ro\/wp-content\/uploads\/2022\/12\/sigla_guv_coroana_albastru_fundal-alb.png 1181w\" sizes=\"(max-width: 800px) 100vw, 800px\" \/>\t\t\t\t\t\t\t\t\t\t\t\t\t\t\t<\/div>\n\t\t\t\t<\/div>\n\t\t\t\t<div class=\"elementor-element elementor-element-5982b2a elementor-widget elementor-widget-image\" data-id=\"5982b2a\" data-element_type=\"widget\" data-widget_type=\"image.default\">\n\t\t\t\t<div class=\"elementor-widget-container\">\n\t\t\t\t\t\t\t\t\t\t\t\t\t\t\t<img decoding=\"async\" width=\"800\" height=\"349\" src=\"https:\/\/www.structura-center.ro\/wp-content\/uploads\/2022\/12\/Logo_color_slogan-e1670917358958-1024x447.png\" class=\"attachment-large size-large wp-image-832\" alt=\"\" srcset=\"https:\/\/www.structura-center.ro\/wp-content\/uploads\/2022\/12\/Logo_color_slogan-e1670917358958-1024x447.png 1024w, https:\/\/www.structura-center.ro\/wp-content\/uploads\/2022\/12\/Logo_color_slogan-e1670917358958-600x262.png 600w, https:\/\/www.structura-center.ro\/wp-content\/uploads\/2022\/12\/Logo_color_slogan-e1670917358958-300x131.png 300w, https:\/\/www.structura-center.ro\/wp-content\/uploads\/2022\/12\/Logo_color_slogan-e1670917358958-768x335.png 768w, https:\/\/www.structura-center.ro\/wp-content\/uploads\/2022\/12\/Logo_color_slogan-e1670917358958-18x8.png 18w, https:\/\/www.structura-center.ro\/wp-content\/uploads\/2022\/12\/Logo_color_slogan-e1670917358958.png 1363w\" sizes=\"(max-width: 800px) 100vw, 800px\" \/>\t\t\t\t\t\t\t\t\t\t\t\t\t\t\t<\/div>\n\t\t\t\t<\/div>\n\t\t\t\t<div class=\"elementor-element elementor-element-a15f2d4 elementor-widget elementor-widget-image\" data-id=\"a15f2d4\" data-element_type=\"widget\" data-widget_type=\"image.default\">\n\t\t\t\t<div class=\"elementor-widget-container\">\n\t\t\t\t\t\t\t\t\t\t\t\t\t\t\t<img loading=\"lazy\" decoding=\"async\" width=\"800\" height=\"755\" src=\"https:\/\/www.structura-center.ro\/wp-content\/uploads\/2022\/12\/Logo_IS_color-e1670917373422-1024x966.png\" class=\"attachment-large size-large wp-image-833\" alt=\"\" srcset=\"https:\/\/www.structura-center.ro\/wp-content\/uploads\/2022\/12\/Logo_IS_color-e1670917373422-1024x966.png 1024w, https:\/\/www.structura-center.ro\/wp-content\/uploads\/2022\/12\/Logo_IS_color-e1670917373422-600x566.png 600w, https:\/\/www.structura-center.ro\/wp-content\/uploads\/2022\/12\/Logo_IS_color-e1670917373422-300x283.png 300w, https:\/\/www.structura-center.ro\/wp-content\/uploads\/2022\/12\/Logo_IS_color-e1670917373422-768x725.png 768w, https:\/\/www.structura-center.ro\/wp-content\/uploads\/2022\/12\/Logo_IS_color-e1670917373422-13x12.png 13w, https:\/\/www.structura-center.ro\/wp-content\/uploads\/2022\/12\/Logo_IS_color-e1670917373422.png 1276w\" sizes=\"(max-width: 800px) 100vw, 800px\" \/>\t\t\t\t\t\t\t\t\t\t\t\t\t\t\t<\/div>\n\t\t\t\t<\/div>\n\t\t\t\t<\/div>\n\t\t\t\t<div class=\"elementor-element elementor-element-50f0880 elementor-widget elementor-widget-heading\" data-id=\"50f0880\" data-element_type=\"widget\" data-widget_type=\"heading.default\">\n\t\t\t\t<div class=\"elementor-widget-container\">\n\t\t\t\t\t<h2 class=\"elementor-heading-title elementor-size-default\">Titlu proiect: \u00cenfiin\u021bare laborator tehnic\u0103 dentar\u0103 \u00een Municipiul Ia\u015fi\n<br>Beneficiar: S.C. FIKA TIME S.R.L.\n<\/h2>\t\t\t\t<\/div>\n\t\t\t\t<\/div>\n\t\t\t\t<div class=\"elementor-element elementor-element-1ce61dd elementor-widget elementor-widget-text-editor\" data-id=\"1ce61dd\" data-element_type=\"widget\" data-widget_type=\"text-editor.default\">\n\t\t\t\t<div class=\"elementor-widget-container\">\n\t\t\t\t\t\t\t\t\t<p>Proiectul \u201e<strong>\u00cenfiin\u0163are laborator tehnic\u0103 dentar\u0103 \u00een Municipiul Ia\u015fi<\/strong>\u201d, cod SMIS : <strong>135598<\/strong>, implementat de S.C. FIKA TIME S.R.L. \u00een perioada 15.11.2021 \u2013 30.04.2023, este un proiect finan\u021bat prin Programul Opera\u021bional Regional 2014-2020, Axa prioritar\u0103 2 &#8211; \u00cembun\u0103t\u0103\u021birea competitivit\u0103\u021bii \u00eentreprinderilor mici \u0219i mijlocii, Prioritatea de investi\u021bii 2.2 \u2013 Sprijinirea cre\u0103rii \u0219i extinderea capacit\u0103\u021bilor avansate de produc\u021bie \u0219i dezvoltarea serviciilor.<\/p><p><strong>Valoarea total\u0103 a proiectului<\/strong> este de 3.323.984,05 lei din care 1.993.867,70 lei reprezint\u0103 finan\u021barea nerambursabil\u0103 (valoare eligibil\u0103 nerambursabil\u0103 din FEDR: 1.694.787,55 lei \u0219i valoare eligibil\u0103 nerambursabil\u0103 din bugetul na\u021bional: 299.080,15 lei).<\/p><p><strong>Scopul<\/strong> proiectului este consolidarea pozi\u021biei S.C. FIKA TIME S.R.L. pe pia\u021ba intern\u0103 prin crearea unei noi unit\u0103\u021bi de produc\u021bie pentru fabricarea de elemente protetice, activitate care se \u00eencadreaz\u0103 \u00een codul CAEN 3250 &#8211; Produc\u021bia de dispozitive, aparate \u0219i instrumente medicale \u0219i stomatologice.<\/p><p><strong>Obiectivul specific<\/strong> al proiectului este func\u021bionalizarea unit\u0103\u021bii SC FIKA TIME SRL prin dotare cu echipamente tehnologice \u0219i software pentru produc\u021bia de elemente protetice.<\/p><p><strong>Rezultate a\u0219teptate: <\/strong>1 infrastructur\u0103 dotat\u0103 pentru produc\u021bia de elemente protetice<\/p><p><strong>Date de contact beneficiar<\/strong>: Sediul social: Municipiul Ia\u0219i, Strada Silvestru, Nr. 3, Camera 1, Bloc L3, Etaj 3, Ap. 1, Jude\u021b Ia\u0219i E-mail: <a href=\"mailto:fikaiasi@gmail.com\">fikaiasi@gmail.com<\/a> Telefon : 0745.154.608 Persoan\u0103 de contact : Andrei Gheorghi\u021b\u0103 \u2013 Administrator<\/p><p>Pentru informa\u021bii detaliate despre celelalte programe cofinan\u021bate de Uniunea European\u0103, v\u0103 invit\u0103m s\u0103 vizita\u021bi <a href=\"http:\/\/www.fonduri-ue.ro\">http:\/\/www.fonduri-ue.ro<\/a>\u00a0precum \u0219i site-ul web al Programului Opera\u021bional Regional 2014-2020, <a href=\"http:\/\/www.inforegio.ro\">www.inforegio.ro<\/a>\u00a0sau pagina de Facebook a programului: <a href=\"https:\/\/www.facebook.com\/inforegio.ro\">https:\/\/www.facebook.com\/inforegio.ro<\/a><\/p>\t\t\t\t\t\t\t\t<\/div>\n\t\t\t\t<\/div>\n\t\t<div class=\"elementor-element elementor-element-5968b39 e-flex e-con-boxed e-con e-parent\" data-id=\"5968b39\" data-element_type=\"container\">\n\t\t\t\t\t<div class=\"e-con-inner\">\n\t\t\t\t<div class=\"elementor-element elementor-element-75e6712 elementor-widget elementor-widget-image\" data-id=\"75e6712\" data-element_type=\"widget\" data-widget_type=\"image.default\">\n\t\t\t\t<div class=\"elementor-widget-container\">\n\t\t\t\t\t\t\t\t\t\t\t\t\t\t\t<img loading=\"lazy\" decoding=\"async\" width=\"102\" height=\"102\" src=\"https:\/\/www.structura-center.ro\/wp-content\/uploads\/2023\/01\/fika-logo.jpg\" class=\"attachment-large size-large wp-image-1016\" alt=\"\" srcset=\"https:\/\/www.structura-center.ro\/wp-content\/uploads\/2023\/01\/fika-logo.jpg 102w, https:\/\/www.structura-center.ro\/wp-content\/uploads\/2023\/01\/fika-logo-100x100.jpg 100w, https:\/\/www.structura-center.ro\/wp-content\/uploads\/2023\/01\/fika-logo-12x12.jpg 12w\" sizes=\"(max-width: 102px) 100vw, 102px\" \/>\t\t\t\t\t\t\t\t\t\t\t\t\t\t\t<\/div>\n\t\t\t\t<\/div>\n\t\t\t\t<div class=\"elementor-element elementor-element-ac3419f elementor-widget elementor-widget-text-editor\" data-id=\"ac3419f\" data-element_type=\"widget\" data-widget_type=\"text-editor.default\">\n\t\t\t\t<div class=\"elementor-widget-container\">\n\t\t\t\t\t\t\t\t\t<p>Investim \u00een viitorul t\u0103u! Proiect cofinan\u021bat din Fondul European<\/p><p>de Dezvoltare Regional\u0103 prin Programul Opera\u021bional Regional 2014-2020<\/p>\t\t\t\t\t\t\t\t<\/div>\n\t\t\t\t<\/div>\n\t\t\t\t\t<\/div>\n\t\t\t\t<\/div>\n\t\t<div class=\"elementor-element elementor-element-abbd463 e-flex e-con-boxed e-con e-parent\" data-id=\"abbd463\" data-element_type=\"container\">\n\t\t\t\t\t<div class=\"e-con-inner\">\n\t\t\t\t<div class=\"elementor-element elementor-element-309ba48 elementor-widget elementor-widget-image\" data-id=\"309ba48\" data-element_type=\"widget\" data-widget_type=\"image.default\">\n\t\t\t\t<div class=\"elementor-widget-container\">\n\t\t\t\t\t\t\t\t\t\t\t\t\t\t\t<img loading=\"lazy\" decoding=\"async\" width=\"800\" height=\"47\" src=\"https:\/\/www.structura-center.ro\/wp-content\/uploads\/2023\/01\/por-color-1024x60.jpg\" class=\"attachment-large size-large wp-image-1017\" alt=\"\" srcset=\"https:\/\/www.structura-center.ro\/wp-content\/uploads\/2023\/01\/por-color-1024x60.jpg 1024w, https:\/\/www.structura-center.ro\/wp-content\/uploads\/2023\/01\/por-color-600x35.jpg 600w, https:\/\/www.structura-center.ro\/wp-content\/uploads\/2023\/01\/por-color-300x18.jpg 300w, https:\/\/www.structura-center.ro\/wp-content\/uploads\/2023\/01\/por-color-768x45.jpg 768w, https:\/\/www.structura-center.ro\/wp-content\/uploads\/2023\/01\/por-color-1536x90.jpg 1536w, https:\/\/www.structura-center.ro\/wp-content\/uploads\/2023\/01\/por-color-2048x120.jpg 2048w, https:\/\/www.structura-center.ro\/wp-content\/uploads\/2023\/01\/por-color-18x1.jpg 18w\" sizes=\"(max-width: 800px) 100vw, 800px\" \/>\t\t\t\t\t\t\t\t\t\t\t\t\t\t\t<\/div>\n\t\t\t\t<\/div>\n\t\t\t\t<div class=\"elementor-element elementor-element-2052434 elementor-widget elementor-widget-text-editor\" data-id=\"2052434\" data-element_type=\"widget\" data-widget_type=\"text-editor.default\">\n\t\t\t\t<div class=\"elementor-widget-container\">\n\t\t\t\t\t\t\t\t\t<p>Con\u021binutul acestui material nu reprezint\u0103 \u00een mod obligatoriu pozi\u021bia oficial\u0103 a Uniunii Europene sau a Guvernului Rom\u00e2niei.<\/p>\t\t\t\t\t\t\t\t<\/div>\n\t\t\t\t<\/div>\n\t\t\t\t\t<\/div>\n\t\t\t\t<\/div>\n\t\t\t\t\t<\/div>\n\t\t\t\t<\/div>\n\t\t\t\t<\/div>","protected":false},"excerpt":{"rendered":"<p>Titlu proiect: \u00cenfiin\u021bare laborator tehnic\u0103 dentar\u0103 \u00een Municipiul Ia\u015fi Beneficiar: S.C. FIKA TIME S.R.L. Proiectul \u201e\u00cenfiin\u0163are laborator tehnic\u0103 dentar\u0103 \u00een Municipiul Ia\u015fi\u201d, cod SMIS : 135598, implementat de S.C. FIKA TIME S.R.L. \u00een perioada 15.11.2021 \u2013 30.04.2023, este un proiect finan\u021bat prin Programul Opera\u021bional Regional 2014-2020, Axa prioritar\u0103 2 &#8211; \u00cembun\u0103t\u0103\u021birea competitivit\u0103\u021bii \u00eentreprinderilor mici \u0219i [&hellip;]<\/p>","protected":false},"author":1,"featured_media":0,"parent":0,"menu_order":0,"comment_status":"closed","ping_status":"closed","template":"elementor_header_footer","meta":{"footnotes":""},"class_list":["post-1011","page","type-page","status-publish","hentry"],"_links":{"self":[{"href":"https:\/\/www.structura-center.ro\/en\/wp-json\/wp\/v2\/pages\/1011","targetHints":{"allow":["GET"]}}],"collection":[{"href":"https:\/\/www.structura-center.ro\/en\/wp-json\/wp\/v2\/pages"}],"about":[{"href":"https:\/\/www.structura-center.ro\/en\/wp-json\/wp\/v2\/types\/page"}],"author":[{"embeddable":true,"href":"https:\/\/www.structura-center.ro\/en\/wp-json\/wp\/v2\/users\/1"}],"replies":[{"embeddable":true,"href":"https:\/\/www.structura-center.ro\/en\/wp-json\/wp\/v2\/comments?post=1011"}],"version-history":[{"count":14,"href":"https:\/\/www.structura-center.ro\/en\/wp-json\/wp\/v2\/pages\/1011\/revisions"}],"predecessor-version":[{"id":2188,"href":"https:\/\/www.structura-center.ro\/en\/wp-json\/wp\/v2\/pages\/1011\/revisions\/2188"}],"wp:attachment":[{"href":"https:\/\/www.structura-center.ro\/en\/wp-json\/wp\/v2\/media?parent=1011"}],"curies":[{"name":"wp","href":"https:\/\/api.w.org\/{rel}","templated":true}]}}